{"id":139,"date":"2022-08-17T16:30:54","date_gmt":"2022-08-17T14:30:54","guid":{"rendered":"http:\/\/www.studiothotti.de\/?page_id=139"},"modified":"2022-08-23T12:32:06","modified_gmt":"2022-08-23T10:32:06","slug":"png","status":"publish","type":"page","link":"http:\/\/www.studiothotti.de\/?page_id=139","title":{"rendered":"PNG"},"content":{"rendered":"\n<p class=\"small-padding-top\">TUFI &#8211; PAPUA-NEUGUINEA<\/p>\n\n\n\n<p class=\"regular-text\">Auf der nord\u00f6stlichen Seite der papua-neuguineischen Hauptinsel leben die nach wie vor stark naturverbundenen Eingeborenenst\u00e4mme der Tufi. Die Familienverbunde sind hierarchisch organisiert und werden von einem H\u00e4uptling angef\u00fchrt, welcher den eigenen Stamm gegen\u00fcber befreundeten und verfeindeten Parteien repr\u00e4sentiert. In benachbarten Siedlungen werden meist unterschiedliche Sprachen gesprochen, f\u00fcr Handel und Kommunikation dient einzig eine von Kolonisten und Missionaren gepr\u00e4gte sprachliche Mischung die als Tok Pisin bezeichnet wird und sich aus Elementen der melanesischen, englischen und deutschen Sprache zusammensetzt.  <\/p>\n\n\n\n<p class=\"regular-text\">An Feiertagen wird Festschmuck getragen und gemeinsam getanzt, f\u00fcr eine gute Ernte und St\u00e4rke im Kampf gegen Widersacher. Der Schmuck ist f\u00fcr einen Stamm ein absolutes Individualisierungsmerkmal und wird haupts\u00e4chlich aus Federn und Schn\u00e4beln der heimischen Paradiesv\u00f6gel gefertigt. Einer dieser V\u00f6gel prangt auch auf der Nationalflagge Papua-Neuguineas, wo weltweit die gr\u00f6\u00dfte Dichte an Paradiesv\u00f6geln herrscht.<\/p>\n\n\n\n<figure class=\"wp-block-gallery has-nested-images columns-1 is-cropped wp-block-gallery-1 is-layout-flex wp-block-gallery-is-layout-flex\">\n<figure class=\"wp-block-image size-large\"><a href=\"http:\/\/www.studiothotti.de\/wp-content\/uploads\/2022\/08\/IMG_7775-2.jpg\"><img loading=\"lazy\" decoding=\"async\" width=\"1024\" height=\"682\" data-id=\"270\" src=\"http:\/\/www.studiothotti.de\/wp-content\/uploads\/2022\/08\/IMG_7775-2-1024x682.jpg\" alt=\"\" class=\"wp-image-270\" srcset=\"http:\/\/www.studiothotti.de\/wp-content\/uploads\/2022\/08\/IMG_7775-2-1024x682.jpg 1024w, http:\/\/www.studiothotti.de\/wp-content\/uploads\/2022\/08\/IMG_7775-2-300x200.jpg 300w, http:\/\/www.studiothotti.de\/wp-content\/uploads\/2022\/08\/IMG_7775-2-768x512.jpg 768w, http:\/\/www.studiothotti.de\/wp-content\/uploads\/2022\/08\/IMG_7775-2-1536x1024.jpg 1536w, http:\/\/www.studiothotti.de\/wp-content\/uploads\/2022\/08\/IMG_7775-2-200x133.jpg 200w, http:\/\/www.studiothotti.de\/wp-content\/uploads\/2022\/08\/IMG_7775-2.jpg 2000w\" sizes=\"auto, (max-width: 1024px) 100vw, 1024px\" \/><\/a><\/figure>\n\n\n\n<figure class=\"wp-block-image size-large\"><a href=\"http:\/\/www.studiothotti.de\/wp-content\/uploads\/2022\/08\/IMG_7779.jpg\"><img loading=\"lazy\" decoding=\"async\" width=\"2000\" height=\"1333\" data-id=\"281\" src=\"http:\/\/www.studiothotti.de\/wp-content\/uploads\/2022\/08\/IMG_7779.jpg\" alt=\"\" class=\"wp-image-281\" srcset=\"http:\/\/www.studiothotti.de\/wp-content\/uploads\/2022\/08\/IMG_7779.jpg 2000w, http:\/\/www.studiothotti.de\/wp-content\/uploads\/2022\/08\/IMG_7779-300x200.jpg 300w, http:\/\/www.studiothotti.de\/wp-content\/uploads\/2022\/08\/IMG_7779-1024x682.jpg 1024w, http:\/\/www.studiothotti.de\/wp-content\/uploads\/2022\/08\/IMG_7779-768x512.jpg 768w, http:\/\/www.studiothotti.de\/wp-content\/uploads\/2022\/08\/IMG_7779-1536x1024.jpg 1536w, http:\/\/www.studiothotti.de\/wp-content\/uploads\/2022\/08\/IMG_7779-200x133.jpg 200w\" sizes=\"auto, (max-width: 2000px) 100vw, 2000px\" \/><\/a><\/figure>\n\n\n\n<figure class=\"wp-block-image size-large\"><a href=\"http:\/\/www.studiothotti.de\/wp-content\/uploads\/2022\/08\/IMG_7807.jpg\"><img loading=\"lazy\" decoding=\"async\" width=\"2000\" height=\"1333\" data-id=\"284\" src=\"http:\/\/www.studiothotti.de\/wp-content\/uploads\/2022\/08\/IMG_7807.jpg\" alt=\"\" class=\"wp-image-284\" srcset=\"http:\/\/www.studiothotti.de\/wp-content\/uploads\/2022\/08\/IMG_7807.jpg 2000w, http:\/\/www.studiothotti.de\/wp-content\/uploads\/2022\/08\/IMG_7807-300x200.jpg 300w, http:\/\/www.studiothotti.de\/wp-content\/uploads\/2022\/08\/IMG_7807-1024x682.jpg 1024w, http:\/\/www.studiothotti.de\/wp-content\/uploads\/2022\/08\/IMG_7807-768x512.jpg 768w, http:\/\/www.studiothotti.de\/wp-content\/uploads\/2022\/08\/IMG_7807-1536x1024.jpg 1536w, http:\/\/www.studiothotti.de\/wp-content\/uploads\/2022\/08\/IMG_7807-200x133.jpg 200w\" sizes=\"auto, (max-width: 2000px) 100vw, 2000px\" \/><\/a><\/figure>\n\n\n\n<figure class=\"wp-block-image size-large\"><a href=\"http:\/\/www.studiothotti.de\/wp-content\/uploads\/2022\/08\/IMG_7838.jpg\"><img loading=\"lazy\" decoding=\"async\" width=\"2000\" height=\"1333\" data-id=\"287\" src=\"http:\/\/www.studiothotti.de\/wp-content\/uploads\/2022\/08\/IMG_7838.jpg\" alt=\"\" class=\"wp-image-287\" srcset=\"http:\/\/www.studiothotti.de\/wp-content\/uploads\/2022\/08\/IMG_7838.jpg 2000w, http:\/\/www.studiothotti.de\/wp-content\/uploads\/2022\/08\/IMG_7838-300x200.jpg 300w, http:\/\/www.studiothotti.de\/wp-content\/uploads\/2022\/08\/IMG_7838-1024x682.jpg 1024w, http:\/\/www.studiothotti.de\/wp-content\/uploads\/2022\/08\/IMG_7838-768x512.jpg 768w, http:\/\/www.studiothotti.de\/wp-content\/uploads\/2022\/08\/IMG_7838-1536x1024.jpg 1536w, http:\/\/www.studiothotti.de\/wp-content\/uploads\/2022\/08\/IMG_7838-200x133.jpg 200w\" sizes=\"auto, (max-width: 2000px) 100vw, 2000px\" \/><\/a><\/figure>\n\n\n\n<figure class=\"wp-block-image size-large\"><a href=\"http:\/\/www.studiothotti.de\/wp-content\/uploads\/2022\/08\/IMG_7788.jpg\"><img loading=\"lazy\" decoding=\"async\" width=\"2000\" height=\"1333\" data-id=\"282\" src=\"http:\/\/www.studiothotti.de\/wp-content\/uploads\/2022\/08\/IMG_7788.jpg\" alt=\"\" class=\"wp-image-282\" srcset=\"http:\/\/www.studiothotti.de\/wp-content\/uploads\/2022\/08\/IMG_7788.jpg 2000w, http:\/\/www.studiothotti.de\/wp-content\/uploads\/2022\/08\/IMG_7788-300x200.jpg 300w, http:\/\/www.studiothotti.de\/wp-content\/uploads\/2022\/08\/IMG_7788-1024x682.jpg 1024w, http:\/\/www.studiothotti.de\/wp-content\/uploads\/2022\/08\/IMG_7788-768x512.jpg 768w, http:\/\/www.studiothotti.de\/wp-content\/uploads\/2022\/08\/IMG_7788-1536x1024.jpg 1536w, http:\/\/www.studiothotti.de\/wp-content\/uploads\/2022\/08\/IMG_7788-200x133.jpg 200w\" sizes=\"auto, (max-width: 2000px) 100vw, 2000px\" \/><\/a><\/figure>\n\n\n\n<figure class=\"wp-block-image size-large\"><a href=\"http:\/\/www.studiothotti.de\/wp-content\/uploads\/2022\/08\/IMG_7829.jpg\"><img loading=\"lazy\" decoding=\"async\" width=\"2000\" height=\"1333\" data-id=\"286\" src=\"http:\/\/www.studiothotti.de\/wp-content\/uploads\/2022\/08\/IMG_7829.jpg\" alt=\"\" class=\"wp-image-286\" srcset=\"http:\/\/www.studiothotti.de\/wp-content\/uploads\/2022\/08\/IMG_7829.jpg 2000w, http:\/\/www.studiothotti.de\/wp-content\/uploads\/2022\/08\/IMG_7829-300x200.jpg 300w, http:\/\/www.studiothotti.de\/wp-content\/uploads\/2022\/08\/IMG_7829-1024x682.jpg 1024w, http:\/\/www.studiothotti.de\/wp-content\/uploads\/2022\/08\/IMG_7829-768x512.jpg 768w, http:\/\/www.studiothotti.de\/wp-content\/uploads\/2022\/08\/IMG_7829-1536x1024.jpg 1536w, http:\/\/www.studiothotti.de\/wp-content\/uploads\/2022\/08\/IMG_7829-200x133.jpg 200w\" sizes=\"auto, (max-width: 2000px) 100vw, 2000px\" \/><\/a><\/figure>\n\n\n\n<figure class=\"wp-block-image size-large\"><a href=\"http:\/\/www.studiothotti.de\/wp-content\/uploads\/2022\/08\/IMG_7801.jpg\"><img loading=\"lazy\" decoding=\"async\" width=\"2000\" height=\"1333\" data-id=\"283\" src=\"http:\/\/www.studiothotti.de\/wp-content\/uploads\/2022\/08\/IMG_7801.jpg\" alt=\"\" class=\"wp-image-283\" srcset=\"http:\/\/www.studiothotti.de\/wp-content\/uploads\/2022\/08\/IMG_7801.jpg 2000w, http:\/\/www.studiothotti.de\/wp-content\/uploads\/2022\/08\/IMG_7801-300x200.jpg 300w, http:\/\/www.studiothotti.de\/wp-content\/uploads\/2022\/08\/IMG_7801-1024x682.jpg 1024w, http:\/\/www.studiothotti.de\/wp-content\/uploads\/2022\/08\/IMG_7801-768x512.jpg 768w, http:\/\/www.studiothotti.de\/wp-content\/uploads\/2022\/08\/IMG_7801-1536x1024.jpg 1536w, http:\/\/www.studiothotti.de\/wp-content\/uploads\/2022\/08\/IMG_7801-200x133.jpg 200w\" sizes=\"auto, (max-width: 2000px) 100vw, 2000px\" \/><\/a><\/figure>\n\n\n\n<figure class=\"wp-block-image size-large\"><a href=\"http:\/\/www.studiothotti.de\/wp-content\/uploads\/2022\/08\/IMG_7810.jpg\"><img loading=\"lazy\" decoding=\"async\" width=\"2000\" height=\"2000\" data-id=\"285\" src=\"http:\/\/www.studiothotti.de\/wp-content\/uploads\/2022\/08\/IMG_7810.jpg\" alt=\"\" class=\"wp-image-285\" srcset=\"http:\/\/www.studiothotti.de\/wp-content\/uploads\/2022\/08\/IMG_7810.jpg 2000w, http:\/\/www.studiothotti.de\/wp-content\/uploads\/2022\/08\/IMG_7810-300x300.jpg 300w, http:\/\/www.studiothotti.de\/wp-content\/uploads\/2022\/08\/IMG_7810-1024x1024.jpg 1024w, http:\/\/www.studiothotti.de\/wp-content\/uploads\/2022\/08\/IMG_7810-150x150.jpg 150w, http:\/\/www.studiothotti.de\/wp-content\/uploads\/2022\/08\/IMG_7810-768x768.jpg 768w, http:\/\/www.studiothotti.de\/wp-content\/uploads\/2022\/08\/IMG_7810-1536x1536.jpg 1536w, http:\/\/www.studiothotti.de\/wp-content\/uploads\/2022\/08\/IMG_7810-200x200.jpg 200w\" sizes=\"auto, (max-width: 2000px) 100vw, 2000px\" \/><\/a><\/figure>\n\n\n\n<figure class=\"wp-block-image size-large\"><a href=\"http:\/\/www.studiothotti.de\/wp-content\/uploads\/2022\/08\/IMG_7842.jpg\"><img loading=\"lazy\" decoding=\"async\" width=\"2000\" height=\"1333\" data-id=\"288\" src=\"http:\/\/www.studiothotti.de\/wp-content\/uploads\/2022\/08\/IMG_7842.jpg\" alt=\"\" class=\"wp-image-288\" srcset=\"http:\/\/www.studiothotti.de\/wp-content\/uploads\/2022\/08\/IMG_7842.jpg 2000w, http:\/\/www.studiothotti.de\/wp-content\/uploads\/2022\/08\/IMG_7842-300x200.jpg 300w, http:\/\/www.studiothotti.de\/wp-content\/uploads\/2022\/08\/IMG_7842-1024x682.jpg 1024w, http:\/\/www.studiothotti.de\/wp-content\/uploads\/2022\/08\/IMG_7842-768x512.jpg 768w, http:\/\/www.studiothotti.de\/wp-content\/uploads\/2022\/08\/IMG_7842-1536x1024.jpg 1536w, http:\/\/www.studiothotti.de\/wp-content\/uploads\/2022\/08\/IMG_7842-200x133.jpg 200w\" sizes=\"auto, (max-width: 2000px) 100vw, 2000px\" \/><\/a><\/figure>\n<\/figure>\n","protected":false},"excerpt":{"rendered":"<p>TUFI &#8211; PAPUA-NEUGUINEA Auf der nord\u00f6stlichen Seite der papua-neuguineischen Hauptinsel leben die nach wie vor stark naturverbundenen Eingeborenenst\u00e4mme der Tufi. Die Familienverbunde sind hierarchisch organisiert und werden von einem H\u00e4uptling angef\u00fchrt, welcher den eigenen Stamm gegen\u00fcber befreundeten und verfeindeten Parteien repr\u00e4sentiert. In benachbarten Siedlungen werden meist unterschiedliche Sprachen gesprochen, f\u00fcr Handel und Kommunikation dient einzig [&hellip;]<\/p>\n","protected":false},"author":1,"featured_media":0,"parent":0,"menu_order":0,"comment_status":"closed","ping_status":"closed","template":"","meta":{"footnotes":""},"categories":[],"tags":[],"class_list":["post-139","page","type-page","status-publish","hentry"],"_links":{"self":[{"href":"http:\/\/www.studiothotti.de\/index.php?rest_route=\/wp\/v2\/pages\/139","targetHints":{"allow":["GET"]}}],"collection":[{"href":"http:\/\/www.studiothotti.de\/index.php?rest_route=\/wp\/v2\/pages"}],"about":[{"href":"http:\/\/www.studiothotti.de\/index.php?rest_route=\/wp\/v2\/types\/page"}],"author":[{"embeddable":true,"href":"http:\/\/www.studiothotti.de\/index.php?rest_route=\/wp\/v2\/users\/1"}],"replies":[{"embeddable":true,"href":"http:\/\/www.studiothotti.de\/index.php?rest_route=%2Fwp%2Fv2%2Fcomments&post=139"}],"version-history":[{"count":32,"href":"http:\/\/www.studiothotti.de\/index.php?rest_route=\/wp\/v2\/pages\/139\/revisions"}],"predecessor-version":[{"id":392,"href":"http:\/\/www.studiothotti.de\/index.php?rest_route=\/wp\/v2\/pages\/139\/revisions\/392"}],"wp:attachment":[{"href":"http:\/\/www.studiothotti.de\/index.php?rest_route=%2Fwp%2Fv2%2Fmedia&parent=139"}],"wp:term":[{"taxonomy":"category","embeddable":true,"href":"http:\/\/www.studiothotti.de\/index.php?rest_route=%2Fwp%2Fv2%2Fcategories&post=139"},{"taxonomy":"post_tag","embeddable":true,"href":"http:\/\/www.studiothotti.de\/index.php?rest_route=%2Fwp%2Fv2%2Ftags&post=139"}],"curies":[{"name":"wp","href":"https:\/\/api.w.org\/{rel}","templated":true}]}}