{"id":199,"date":"2022-08-19T11:15:43","date_gmt":"2022-08-19T09:15:43","guid":{"rendered":"http:\/\/www.studiothotti.de\/?page_id=199"},"modified":"2025-11-25T16:44:52","modified_gmt":"2025-11-25T15:44:52","slug":"song-kol","status":"publish","type":"page","link":"http:\/\/www.studiothotti.de\/?page_id=199","title":{"rendered":"SONGK\u00d6L"},"content":{"rendered":"\n<p class=\"small-padding-top\">SONGK\u00d6L &#8211; KIRGISTAN<\/p>\n\n\n\n<p class=\"regular-text\">Im kirgisischen Bergland unweit der Hauptstadt Bischkek liegt der alpine Bergsee Songk\u00f6l in einer Mulde der umgebenden Hochebene. Zwischen Juni und September ist die Hochebene mit gel\u00e4ndeg\u00e4ngigen Kraftfahrzeugen zu erreichen, von ca. Mai bis Oktober sind Wanderungen und Pferde Treks zum See m\u00f6glich. Nach dem Yssykk\u00f6l ist der Songk\u00f6l der zweitgr\u00f6\u00dfte See Kirgistans. Der junge Pferde Trecker Kerim wohnt am Fu\u00dfe des Gebirges, in der kleinen Stadt Kotschkor, und f\u00fchrt in mehrt\u00e4gigen Touren kleine Gruppen zum See. Sein Traum ist es eines Tages ein Spiel vom FC Liverpool live im Stadion zu sehen. Er hat ein frohes Gem\u00fct und ein ansteckendes Lachen. <\/p>\n\n\n\n<p class=\"regular-text\">Oberhalb der Baumgrenze wachsen in der Hochebene lediglich Gr\u00e4ser und Flechten. Die Weite der Ebene ist hypnotisierend.<\/p>\n\n\n\n<figure class=\"wp-block-gallery has-nested-images columns-1 is-cropped wp-block-gallery-1 is-layout-flex wp-block-gallery-is-layout-flex\">\n<figure class=\"wp-block-image size-large\"><a href=\"http:\/\/www.studiothotti.de\/wp-content\/uploads\/2022\/08\/IMG_2666-1.jpg\"><img loading=\"lazy\" decoding=\"async\" width=\"1024\" height=\"1024\" data-id=\"305\" src=\"http:\/\/www.studiothotti.de\/wp-content\/uploads\/2022\/08\/IMG_2666-1-1024x1024.jpg\" alt=\"\" class=\"wp-image-305\" srcset=\"http:\/\/www.studiothotti.de\/wp-content\/uploads\/2022\/08\/IMG_2666-1-1024x1024.jpg 1024w, http:\/\/www.studiothotti.de\/wp-content\/uploads\/2022\/08\/IMG_2666-1-300x300.jpg 300w, http:\/\/www.studiothotti.de\/wp-content\/uploads\/2022\/08\/IMG_2666-1-150x150.jpg 150w, http:\/\/www.studiothotti.de\/wp-content\/uploads\/2022\/08\/IMG_2666-1-768x768.jpg 768w, http:\/\/www.studiothotti.de\/wp-content\/uploads\/2022\/08\/IMG_2666-1-1536x1536.jpg 1536w, http:\/\/www.studiothotti.de\/wp-content\/uploads\/2022\/08\/IMG_2666-1-200x200.jpg 200w, http:\/\/www.studiothotti.de\/wp-content\/uploads\/2022\/08\/IMG_2666-1.jpg 2000w\" sizes=\"auto, (max-width: 1024px) 100vw, 1024px\" \/><\/a><\/figure>\n\n\n\n<figure class=\"wp-block-image size-large\"><a href=\"http:\/\/www.studiothotti.de\/wp-content\/uploads\/2022\/08\/IMG_1716.jpg\"><img loading=\"lazy\" decoding=\"async\" width=\"1024\" height=\"682\" data-id=\"308\" src=\"http:\/\/www.studiothotti.de\/wp-content\/uploads\/2022\/08\/IMG_1716-1024x682.jpg\" alt=\"\" class=\"wp-image-308\" srcset=\"http:\/\/www.studiothotti.de\/wp-content\/uploads\/2022\/08\/IMG_1716-1024x682.jpg 1024w, http:\/\/www.studiothotti.de\/wp-content\/uploads\/2022\/08\/IMG_1716-300x200.jpg 300w, http:\/\/www.studiothotti.de\/wp-content\/uploads\/2022\/08\/IMG_1716-768x512.jpg 768w, http:\/\/www.studiothotti.de\/wp-content\/uploads\/2022\/08\/IMG_1716-1536x1024.jpg 1536w, http:\/\/www.studiothotti.de\/wp-content\/uploads\/2022\/08\/IMG_1716-200x133.jpg 200w, http:\/\/www.studiothotti.de\/wp-content\/uploads\/2022\/08\/IMG_1716.jpg 2000w\" sizes=\"auto, (max-width: 1024px) 100vw, 1024px\" \/><\/a><\/figure>\n\n\n\n<figure class=\"wp-block-image size-large\"><a href=\"http:\/\/www.studiothotti.de\/wp-content\/uploads\/2022\/08\/IMG_1794.jpg\"><img loading=\"lazy\" decoding=\"async\" width=\"2000\" height=\"1333\" data-id=\"289\" src=\"http:\/\/www.studiothotti.de\/wp-content\/uploads\/2022\/08\/IMG_1794.jpg\" alt=\"\" class=\"wp-image-289\" srcset=\"http:\/\/www.studiothotti.de\/wp-content\/uploads\/2022\/08\/IMG_1794.jpg 2000w, http:\/\/www.studiothotti.de\/wp-content\/uploads\/2022\/08\/IMG_1794-300x200.jpg 300w, http:\/\/www.studiothotti.de\/wp-content\/uploads\/2022\/08\/IMG_1794-1024x682.jpg 1024w, http:\/\/www.studiothotti.de\/wp-content\/uploads\/2022\/08\/IMG_1794-768x512.jpg 768w, http:\/\/www.studiothotti.de\/wp-content\/uploads\/2022\/08\/IMG_1794-1536x1024.jpg 1536w, http:\/\/www.studiothotti.de\/wp-content\/uploads\/2022\/08\/IMG_1794-200x133.jpg 200w\" sizes=\"auto, (max-width: 2000px) 100vw, 2000px\" \/><\/a><\/figure>\n\n\n\n<figure class=\"wp-block-image size-large\"><a href=\"http:\/\/www.studiothotti.de\/wp-content\/uploads\/2022\/08\/IMG_1824.jpg\"><img loading=\"lazy\" decoding=\"async\" width=\"2000\" height=\"1333\" data-id=\"290\" src=\"http:\/\/www.studiothotti.de\/wp-content\/uploads\/2022\/08\/IMG_1824.jpg\" alt=\"\" class=\"wp-image-290\" srcset=\"http:\/\/www.studiothotti.de\/wp-content\/uploads\/2022\/08\/IMG_1824.jpg 2000w, http:\/\/www.studiothotti.de\/wp-content\/uploads\/2022\/08\/IMG_1824-300x200.jpg 300w, http:\/\/www.studiothotti.de\/wp-content\/uploads\/2022\/08\/IMG_1824-1024x682.jpg 1024w, http:\/\/www.studiothotti.de\/wp-content\/uploads\/2022\/08\/IMG_1824-768x512.jpg 768w, http:\/\/www.studiothotti.de\/wp-content\/uploads\/2022\/08\/IMG_1824-1536x1024.jpg 1536w, http:\/\/www.studiothotti.de\/wp-content\/uploads\/2022\/08\/IMG_1824-200x133.jpg 200w\" sizes=\"auto, (max-width: 2000px) 100vw, 2000px\" \/><\/a><\/figure>\n\n\n\n<figure class=\"wp-block-image size-large\"><a href=\"http:\/\/www.studiothotti.de\/wp-content\/uploads\/2022\/08\/IMG_1945.jpg\"><img loading=\"lazy\" decoding=\"async\" width=\"2000\" height=\"2000\" data-id=\"293\" src=\"http:\/\/www.studiothotti.de\/wp-content\/uploads\/2022\/08\/IMG_1945.jpg\" alt=\"\" class=\"wp-image-293\" srcset=\"http:\/\/www.studiothotti.de\/wp-content\/uploads\/2022\/08\/IMG_1945.jpg 2000w, http:\/\/www.studiothotti.de\/wp-content\/uploads\/2022\/08\/IMG_1945-300x300.jpg 300w, http:\/\/www.studiothotti.de\/wp-content\/uploads\/2022\/08\/IMG_1945-1024x1024.jpg 1024w, http:\/\/www.studiothotti.de\/wp-content\/uploads\/2022\/08\/IMG_1945-150x150.jpg 150w, http:\/\/www.studiothotti.de\/wp-content\/uploads\/2022\/08\/IMG_1945-768x768.jpg 768w, http:\/\/www.studiothotti.de\/wp-content\/uploads\/2022\/08\/IMG_1945-1536x1536.jpg 1536w, http:\/\/www.studiothotti.de\/wp-content\/uploads\/2022\/08\/IMG_1945-200x200.jpg 200w\" sizes=\"auto, (max-width: 2000px) 100vw, 2000px\" \/><\/a><\/figure>\n\n\n\n<figure class=\"wp-block-image size-large\"><a href=\"http:\/\/www.studiothotti.de\/wp-content\/uploads\/2022\/08\/IMG_2084.jpg\"><img loading=\"lazy\" decoding=\"async\" width=\"2000\" height=\"1333\" data-id=\"295\" src=\"http:\/\/www.studiothotti.de\/wp-content\/uploads\/2022\/08\/IMG_2084.jpg\" alt=\"\" class=\"wp-image-295\" srcset=\"http:\/\/www.studiothotti.de\/wp-content\/uploads\/2022\/08\/IMG_2084.jpg 2000w, http:\/\/www.studiothotti.de\/wp-content\/uploads\/2022\/08\/IMG_2084-300x200.jpg 300w, http:\/\/www.studiothotti.de\/wp-content\/uploads\/2022\/08\/IMG_2084-1024x682.jpg 1024w, http:\/\/www.studiothotti.de\/wp-content\/uploads\/2022\/08\/IMG_2084-768x512.jpg 768w, http:\/\/www.studiothotti.de\/wp-content\/uploads\/2022\/08\/IMG_2084-1536x1024.jpg 1536w, http:\/\/www.studiothotti.de\/wp-content\/uploads\/2022\/08\/IMG_2084-200x133.jpg 200w\" sizes=\"auto, (max-width: 2000px) 100vw, 2000px\" \/><\/a><\/figure>\n\n\n\n<figure class=\"wp-block-image size-large\"><a href=\"http:\/\/www.studiothotti.de\/wp-content\/uploads\/2022\/08\/IMG_1932.jpg\"><img loading=\"lazy\" decoding=\"async\" width=\"2000\" height=\"1333\" data-id=\"292\" src=\"http:\/\/www.studiothotti.de\/wp-content\/uploads\/2022\/08\/IMG_1932.jpg\" alt=\"\" class=\"wp-image-292\" srcset=\"http:\/\/www.studiothotti.de\/wp-content\/uploads\/2022\/08\/IMG_1932.jpg 2000w, http:\/\/www.studiothotti.de\/wp-content\/uploads\/2022\/08\/IMG_1932-300x200.jpg 300w, http:\/\/www.studiothotti.de\/wp-content\/uploads\/2022\/08\/IMG_1932-1024x682.jpg 1024w, http:\/\/www.studiothotti.de\/wp-content\/uploads\/2022\/08\/IMG_1932-768x512.jpg 768w, http:\/\/www.studiothotti.de\/wp-content\/uploads\/2022\/08\/IMG_1932-1536x1024.jpg 1536w, http:\/\/www.studiothotti.de\/wp-content\/uploads\/2022\/08\/IMG_1932-200x133.jpg 200w\" sizes=\"auto, (max-width: 2000px) 100vw, 2000px\" \/><\/a><\/figure>\n\n\n\n<figure class=\"wp-block-image size-large\"><a href=\"http:\/\/www.studiothotti.de\/wp-content\/uploads\/2022\/08\/IMG_2039.jpg\"><img loading=\"lazy\" decoding=\"async\" width=\"2000\" height=\"1154\" data-id=\"294\" src=\"http:\/\/www.studiothotti.de\/wp-content\/uploads\/2022\/08\/IMG_2039.jpg\" alt=\"\" class=\"wp-image-294\" srcset=\"http:\/\/www.studiothotti.de\/wp-content\/uploads\/2022\/08\/IMG_2039.jpg 2000w, http:\/\/www.studiothotti.de\/wp-content\/uploads\/2022\/08\/IMG_2039-300x173.jpg 300w, http:\/\/www.studiothotti.de\/wp-content\/uploads\/2022\/08\/IMG_2039-1024x591.jpg 1024w, http:\/\/www.studiothotti.de\/wp-content\/uploads\/2022\/08\/IMG_2039-768x443.jpg 768w, http:\/\/www.studiothotti.de\/wp-content\/uploads\/2022\/08\/IMG_2039-1536x886.jpg 1536w, http:\/\/www.studiothotti.de\/wp-content\/uploads\/2022\/08\/IMG_2039-200x115.jpg 200w\" sizes=\"auto, (max-width: 2000px) 100vw, 2000px\" \/><\/a><\/figure>\n\n\n\n<figure class=\"wp-block-image size-large\"><a href=\"http:\/\/www.studiothotti.de\/wp-content\/uploads\/2022\/08\/IMG_1908.jpg\"><img loading=\"lazy\" decoding=\"async\" width=\"2000\" height=\"1418\" data-id=\"291\" src=\"http:\/\/www.studiothotti.de\/wp-content\/uploads\/2022\/08\/IMG_1908.jpg\" alt=\"\" class=\"wp-image-291\" srcset=\"http:\/\/www.studiothotti.de\/wp-content\/uploads\/2022\/08\/IMG_1908.jpg 2000w, http:\/\/www.studiothotti.de\/wp-content\/uploads\/2022\/08\/IMG_1908-300x213.jpg 300w, http:\/\/www.studiothotti.de\/wp-content\/uploads\/2022\/08\/IMG_1908-1024x726.jpg 1024w, http:\/\/www.studiothotti.de\/wp-content\/uploads\/2022\/08\/IMG_1908-768x545.jpg 768w, http:\/\/www.studiothotti.de\/wp-content\/uploads\/2022\/08\/IMG_1908-1536x1089.jpg 1536w, http:\/\/www.studiothotti.de\/wp-content\/uploads\/2022\/08\/IMG_1908-200x142.jpg 200w\" sizes=\"auto, (max-width: 2000px) 100vw, 2000px\" \/><\/a><\/figure>\n\n\n\n<figure class=\"wp-block-image size-large\"><a href=\"http:\/\/www.studiothotti.de\/wp-content\/uploads\/2022\/08\/IMG_2105.jpg\"><img loading=\"lazy\" decoding=\"async\" width=\"2000\" height=\"1004\" data-id=\"296\" src=\"http:\/\/www.studiothotti.de\/wp-content\/uploads\/2022\/08\/IMG_2105.jpg\" alt=\"\" class=\"wp-image-296\" srcset=\"http:\/\/www.studiothotti.de\/wp-content\/uploads\/2022\/08\/IMG_2105.jpg 2000w, http:\/\/www.studiothotti.de\/wp-content\/uploads\/2022\/08\/IMG_2105-300x151.jpg 300w, http:\/\/www.studiothotti.de\/wp-content\/uploads\/2022\/08\/IMG_2105-1024x514.jpg 1024w, http:\/\/www.studiothotti.de\/wp-content\/uploads\/2022\/08\/IMG_2105-768x386.jpg 768w, http:\/\/www.studiothotti.de\/wp-content\/uploads\/2022\/08\/IMG_2105-1536x771.jpg 1536w, http:\/\/www.studiothotti.de\/wp-content\/uploads\/2022\/08\/IMG_2105-200x100.jpg 200w\" sizes=\"auto, (max-width: 2000px) 100vw, 2000px\" \/><\/a><\/figure>\n\n\n\n<figure class=\"wp-block-image size-large\"><a href=\"http:\/\/www.studiothotti.de\/wp-content\/uploads\/2022\/08\/IMG_2167.jpg\"><img loading=\"lazy\" decoding=\"async\" width=\"2000\" height=\"2000\" data-id=\"300\" src=\"http:\/\/www.studiothotti.de\/wp-content\/uploads\/2022\/08\/IMG_2167.jpg\" alt=\"\" class=\"wp-image-300\" srcset=\"http:\/\/www.studiothotti.de\/wp-content\/uploads\/2022\/08\/IMG_2167.jpg 2000w, http:\/\/www.studiothotti.de\/wp-content\/uploads\/2022\/08\/IMG_2167-300x300.jpg 300w, http:\/\/www.studiothotti.de\/wp-content\/uploads\/2022\/08\/IMG_2167-1024x1024.jpg 1024w, http:\/\/www.studiothotti.de\/wp-content\/uploads\/2022\/08\/IMG_2167-150x150.jpg 150w, http:\/\/www.studiothotti.de\/wp-content\/uploads\/2022\/08\/IMG_2167-768x768.jpg 768w, http:\/\/www.studiothotti.de\/wp-content\/uploads\/2022\/08\/IMG_2167-1536x1536.jpg 1536w, http:\/\/www.studiothotti.de\/wp-content\/uploads\/2022\/08\/IMG_2167-200x200.jpg 200w\" sizes=\"auto, (max-width: 2000px) 100vw, 2000px\" \/><\/a><\/figure>\n\n\n\n<figure class=\"wp-block-image size-large\"><a href=\"http:\/\/www.studiothotti.de\/wp-content\/uploads\/2022\/08\/IMG_2196.jpg\"><img loading=\"lazy\" decoding=\"async\" width=\"2000\" height=\"814\" data-id=\"273\" src=\"http:\/\/www.studiothotti.de\/wp-content\/uploads\/2022\/08\/IMG_2196.jpg\" alt=\"\" class=\"wp-image-273\" srcset=\"http:\/\/www.studiothotti.de\/wp-content\/uploads\/2022\/08\/IMG_2196.jpg 2000w, http:\/\/www.studiothotti.de\/wp-content\/uploads\/2022\/08\/IMG_2196-300x122.jpg 300w, http:\/\/www.studiothotti.de\/wp-content\/uploads\/2022\/08\/IMG_2196-1024x417.jpg 1024w, http:\/\/www.studiothotti.de\/wp-content\/uploads\/2022\/08\/IMG_2196-768x313.jpg 768w, http:\/\/www.studiothotti.de\/wp-content\/uploads\/2022\/08\/IMG_2196-1536x625.jpg 1536w, http:\/\/www.studiothotti.de\/wp-content\/uploads\/2022\/08\/IMG_2196-200x81.jpg 200w\" sizes=\"auto, (max-width: 2000px) 100vw, 2000px\" \/><\/a><\/figure>\n\n\n\n<figure class=\"wp-block-image size-large\"><a href=\"http:\/\/www.studiothotti.de\/wp-content\/uploads\/2022\/08\/IMG_2248.jpg\"><img loading=\"lazy\" decoding=\"async\" width=\"2000\" height=\"1030\" data-id=\"274\" src=\"http:\/\/www.studiothotti.de\/wp-content\/uploads\/2022\/08\/IMG_2248.jpg\" alt=\"\" class=\"wp-image-274\" srcset=\"http:\/\/www.studiothotti.de\/wp-content\/uploads\/2022\/08\/IMG_2248.jpg 2000w, http:\/\/www.studiothotti.de\/wp-content\/uploads\/2022\/08\/IMG_2248-300x155.jpg 300w, http:\/\/www.studiothotti.de\/wp-content\/uploads\/2022\/08\/IMG_2248-1024x527.jpg 1024w, http:\/\/www.studiothotti.de\/wp-content\/uploads\/2022\/08\/IMG_2248-768x396.jpg 768w, http:\/\/www.studiothotti.de\/wp-content\/uploads\/2022\/08\/IMG_2248-1536x791.jpg 1536w, http:\/\/www.studiothotti.de\/wp-content\/uploads\/2022\/08\/IMG_2248-200x103.jpg 200w\" sizes=\"auto, (max-width: 2000px) 100vw, 2000px\" \/><\/a><\/figure>\n\n\n\n<figure class=\"wp-block-image size-large\"><a href=\"http:\/\/www.studiothotti.de\/wp-content\/uploads\/2022\/08\/IMG_2494.jpg\"><img loading=\"lazy\" decoding=\"async\" width=\"2000\" height=\"1020\" data-id=\"277\" src=\"http:\/\/www.studiothotti.de\/wp-content\/uploads\/2022\/08\/IMG_2494.jpg\" alt=\"\" class=\"wp-image-277\" srcset=\"http:\/\/www.studiothotti.de\/wp-content\/uploads\/2022\/08\/IMG_2494.jpg 2000w, http:\/\/www.studiothotti.de\/wp-content\/uploads\/2022\/08\/IMG_2494-300x153.jpg 300w, http:\/\/www.studiothotti.de\/wp-content\/uploads\/2022\/08\/IMG_2494-1024x522.jpg 1024w, http:\/\/www.studiothotti.de\/wp-content\/uploads\/2022\/08\/IMG_2494-768x392.jpg 768w, http:\/\/www.studiothotti.de\/wp-content\/uploads\/2022\/08\/IMG_2494-1536x783.jpg 1536w, http:\/\/www.studiothotti.de\/wp-content\/uploads\/2022\/08\/IMG_2494-200x102.jpg 200w\" sizes=\"auto, (max-width: 2000px) 100vw, 2000px\" \/><\/a><\/figure>\n<\/figure>\n","protected":false},"excerpt":{"rendered":"<p>SONGK\u00d6L &#8211; KIRGISTAN Im kirgisischen Bergland unweit der Hauptstadt Bischkek liegt der alpine Bergsee Songk\u00f6l in einer Mulde der umgebenden Hochebene. Zwischen Juni und September ist die Hochebene mit gel\u00e4ndeg\u00e4ngigen Kraftfahrzeugen zu erreichen, von ca. Mai bis Oktober sind Wanderungen und Pferde Treks zum See m\u00f6glich. Nach dem Yssykk\u00f6l ist der Songk\u00f6l der zweitgr\u00f6\u00dfte See [&hellip;]<\/p>\n","protected":false},"author":1,"featured_media":0,"parent":0,"menu_order":0,"comment_status":"closed","ping_status":"closed","template":"","meta":{"footnotes":""},"categories":[],"tags":[],"class_list":["post-199","page","type-page","status-publish","hentry"],"_links":{"self":[{"href":"http:\/\/www.studiothotti.de\/index.php?rest_route=\/wp\/v2\/pages\/199","targetHints":{"allow":["GET"]}}],"collection":[{"href":"http:\/\/www.studiothotti.de\/index.php?rest_route=\/wp\/v2\/pages"}],"about":[{"href":"http:\/\/www.studiothotti.de\/index.php?rest_route=\/wp\/v2\/types\/page"}],"author":[{"embeddable":true,"href":"http:\/\/www.studiothotti.de\/index.php?rest_route=\/wp\/v2\/users\/1"}],"replies":[{"embeddable":true,"href":"http:\/\/www.studiothotti.de\/index.php?rest_route=%2Fwp%2Fv2%2Fcomments&post=199"}],"version-history":[{"count":9,"href":"http:\/\/www.studiothotti.de\/index.php?rest_route=\/wp\/v2\/pages\/199\/revisions"}],"predecessor-version":[{"id":5012,"href":"http:\/\/www.studiothotti.de\/index.php?rest_route=\/wp\/v2\/pages\/199\/revisions\/5012"}],"wp:attachment":[{"href":"http:\/\/www.studiothotti.de\/index.php?rest_route=%2Fwp%2Fv2%2Fmedia&parent=199"}],"wp:term":[{"taxonomy":"category","embeddable":true,"href":"http:\/\/www.studiothotti.de\/index.php?rest_route=%2Fwp%2Fv2%2Fcategories&post=199"},{"taxonomy":"post_tag","embeddable":true,"href":"http:\/\/www.studiothotti.de\/index.php?rest_route=%2Fwp%2Fv2%2Ftags&post=199"}],"curies":[{"name":"wp","href":"https:\/\/api.w.org\/{rel}","templated":true}]}}