{"id":205,"date":"2022-08-19T11:49:56","date_gmt":"2022-08-19T09:49:56","guid":{"rendered":"http:\/\/www.studiothotti.de\/?page_id=205"},"modified":"2022-08-30T16:56:34","modified_gmt":"2022-08-30T14:56:34","slug":"stubai","status":"publish","type":"page","link":"http:\/\/www.studiothotti.de\/?page_id=205","title":{"rendered":"STUBAI"},"content":{"rendered":"\n<p class=\"small-padding-top\">STUBAI-GLETSCHER &#8211; \u00d6STERREICH<\/p>\n\n\n\n<p class=\"regular-text\">Die klimatischen Ver\u00e4nderungen machen nicht nur den Gletschern in den Alpen das Leben schwer. Erlebbar ist dies jedoch besonders leicht, wenn man in den Sommermonaten jene Bergregionen aufsucht, die zweckm\u00e4\u00dfig auf die Aus\u00fcbung von Wintersport ausgerichtet sind. Mit dem Namen Top of Tyrol bewirbt der Stubaier Gletscher seine Aussichtsplattform auf 3210 Metern. Hier steht man auf dem h\u00f6chsten Gipfel des Stubaier Gletscherparks und kann im Winter die schnee- und eisbedeckten Berge au\u00dfen rum bestaunen. Au\u00dferhalb der Wintermonate offenbaren sich die Regressionsprozesse der Gletscher als auch die strukturellen Eingriffe in die Natur hier schonungslos und beispielhaft.<\/p>\n\n\n\n<figure class=\"wp-block-gallery has-nested-images columns-1 wp-block-gallery-1 is-layout-flex wp-block-gallery-is-layout-flex\">\n<figure class=\"wp-block-image size-large\"><a href=\"http:\/\/www.studiothotti.de\/wp-content\/uploads\/2022\/08\/IMG_4071.jpg\"><img loading=\"lazy\" decoding=\"async\" width=\"2000\" height=\"1500\" data-id=\"313\" src=\"http:\/\/www.studiothotti.de\/wp-content\/uploads\/2022\/08\/IMG_4071.jpg\" alt=\"\" class=\"wp-image-313\" srcset=\"http:\/\/www.studiothotti.de\/wp-content\/uploads\/2022\/08\/IMG_4071.jpg 2000w, http:\/\/www.studiothotti.de\/wp-content\/uploads\/2022\/08\/IMG_4071-300x225.jpg 300w, http:\/\/www.studiothotti.de\/wp-content\/uploads\/2022\/08\/IMG_4071-1024x768.jpg 1024w, http:\/\/www.studiothotti.de\/wp-content\/uploads\/2022\/08\/IMG_4071-768x576.jpg 768w, http:\/\/www.studiothotti.de\/wp-content\/uploads\/2022\/08\/IMG_4071-1536x1152.jpg 1536w, http:\/\/www.studiothotti.de\/wp-content\/uploads\/2022\/08\/IMG_4071-800x600.jpg 800w, http:\/\/www.studiothotti.de\/wp-content\/uploads\/2022\/08\/IMG_4071-200x150.jpg 200w\" sizes=\"auto, (max-width: 2000px) 100vw, 2000px\" \/><\/a><\/figure>\n\n\n\n<figure class=\"wp-block-image size-large\"><a href=\"http:\/\/www.studiothotti.de\/wp-content\/uploads\/2022\/08\/IMG_4090.jpg\"><img loading=\"lazy\" decoding=\"async\" width=\"2000\" height=\"1500\" data-id=\"314\" src=\"http:\/\/www.studiothotti.de\/wp-content\/uploads\/2022\/08\/IMG_4090.jpg\" alt=\"\" class=\"wp-image-314\" srcset=\"http:\/\/www.studiothotti.de\/wp-content\/uploads\/2022\/08\/IMG_4090.jpg 2000w, http:\/\/www.studiothotti.de\/wp-content\/uploads\/2022\/08\/IMG_4090-300x225.jpg 300w, http:\/\/www.studiothotti.de\/wp-content\/uploads\/2022\/08\/IMG_4090-1024x768.jpg 1024w, http:\/\/www.studiothotti.de\/wp-content\/uploads\/2022\/08\/IMG_4090-768x576.jpg 768w, http:\/\/www.studiothotti.de\/wp-content\/uploads\/2022\/08\/IMG_4090-1536x1152.jpg 1536w, http:\/\/www.studiothotti.de\/wp-content\/uploads\/2022\/08\/IMG_4090-800x600.jpg 800w, http:\/\/www.studiothotti.de\/wp-content\/uploads\/2022\/08\/IMG_4090-200x150.jpg 200w\" sizes=\"auto, (max-width: 2000px) 100vw, 2000px\" \/><\/a><\/figure>\n\n\n\n<figure class=\"wp-block-image size-large\"><a href=\"http:\/\/www.studiothotti.de\/wp-content\/uploads\/2022\/08\/IMG_4123.jpg\"><img loading=\"lazy\" decoding=\"async\" width=\"2000\" height=\"1500\" data-id=\"315\" src=\"http:\/\/www.studiothotti.de\/wp-content\/uploads\/2022\/08\/IMG_4123.jpg\" alt=\"\" class=\"wp-image-315\" srcset=\"http:\/\/www.studiothotti.de\/wp-content\/uploads\/2022\/08\/IMG_4123.jpg 2000w, http:\/\/www.studiothotti.de\/wp-content\/uploads\/2022\/08\/IMG_4123-300x225.jpg 300w, http:\/\/www.studiothotti.de\/wp-content\/uploads\/2022\/08\/IMG_4123-1024x768.jpg 1024w, http:\/\/www.studiothotti.de\/wp-content\/uploads\/2022\/08\/IMG_4123-768x576.jpg 768w, http:\/\/www.studiothotti.de\/wp-content\/uploads\/2022\/08\/IMG_4123-1536x1152.jpg 1536w, http:\/\/www.studiothotti.de\/wp-content\/uploads\/2022\/08\/IMG_4123-800x600.jpg 800w, http:\/\/www.studiothotti.de\/wp-content\/uploads\/2022\/08\/IMG_4123-200x150.jpg 200w\" sizes=\"auto, (max-width: 2000px) 100vw, 2000px\" \/><\/a><\/figure>\n\n\n\n<figure class=\"wp-block-image size-large\"><a href=\"http:\/\/www.studiothotti.de\/wp-content\/uploads\/2022\/08\/IMG_4132.jpg\"><img loading=\"lazy\" decoding=\"async\" width=\"2000\" height=\"1500\" data-id=\"316\" src=\"http:\/\/www.studiothotti.de\/wp-content\/uploads\/2022\/08\/IMG_4132.jpg\" alt=\"\" class=\"wp-image-316\" srcset=\"http:\/\/www.studiothotti.de\/wp-content\/uploads\/2022\/08\/IMG_4132.jpg 2000w, http:\/\/www.studiothotti.de\/wp-content\/uploads\/2022\/08\/IMG_4132-300x225.jpg 300w, http:\/\/www.studiothotti.de\/wp-content\/uploads\/2022\/08\/IMG_4132-1024x768.jpg 1024w, http:\/\/www.studiothotti.de\/wp-content\/uploads\/2022\/08\/IMG_4132-768x576.jpg 768w, http:\/\/www.studiothotti.de\/wp-content\/uploads\/2022\/08\/IMG_4132-1536x1152.jpg 1536w, http:\/\/www.studiothotti.de\/wp-content\/uploads\/2022\/08\/IMG_4132-800x600.jpg 800w, http:\/\/www.studiothotti.de\/wp-content\/uploads\/2022\/08\/IMG_4132-200x150.jpg 200w\" sizes=\"auto, (max-width: 2000px) 100vw, 2000px\" \/><\/a><\/figure>\n\n\n\n<figure class=\"wp-block-image size-large\"><a href=\"http:\/\/www.studiothotti.de\/wp-content\/uploads\/2022\/08\/IMG_4145.jpg\"><img loading=\"lazy\" decoding=\"async\" width=\"2000\" height=\"1500\" data-id=\"317\" src=\"http:\/\/www.studiothotti.de\/wp-content\/uploads\/2022\/08\/IMG_4145.jpg\" alt=\"\" class=\"wp-image-317\" srcset=\"http:\/\/www.studiothotti.de\/wp-content\/uploads\/2022\/08\/IMG_4145.jpg 2000w, http:\/\/www.studiothotti.de\/wp-content\/uploads\/2022\/08\/IMG_4145-300x225.jpg 300w, http:\/\/www.studiothotti.de\/wp-content\/uploads\/2022\/08\/IMG_4145-1024x768.jpg 1024w, http:\/\/www.studiothotti.de\/wp-content\/uploads\/2022\/08\/IMG_4145-768x576.jpg 768w, http:\/\/www.studiothotti.de\/wp-content\/uploads\/2022\/08\/IMG_4145-1536x1152.jpg 1536w, http:\/\/www.studiothotti.de\/wp-content\/uploads\/2022\/08\/IMG_4145-800x600.jpg 800w, http:\/\/www.studiothotti.de\/wp-content\/uploads\/2022\/08\/IMG_4145-200x150.jpg 200w\" sizes=\"auto, (max-width: 2000px) 100vw, 2000px\" \/><\/a><\/figure>\n\n\n\n<figure class=\"wp-block-image size-large\"><a href=\"http:\/\/www.studiothotti.de\/wp-content\/uploads\/2022\/08\/IMG_4237.jpg\"><img loading=\"lazy\" decoding=\"async\" width=\"2000\" height=\"1500\" data-id=\"318\" src=\"http:\/\/www.studiothotti.de\/wp-content\/uploads\/2022\/08\/IMG_4237.jpg\" alt=\"\" class=\"wp-image-318\" srcset=\"http:\/\/www.studiothotti.de\/wp-content\/uploads\/2022\/08\/IMG_4237.jpg 2000w, http:\/\/www.studiothotti.de\/wp-content\/uploads\/2022\/08\/IMG_4237-300x225.jpg 300w, http:\/\/www.studiothotti.de\/wp-content\/uploads\/2022\/08\/IMG_4237-1024x768.jpg 1024w, http:\/\/www.studiothotti.de\/wp-content\/uploads\/2022\/08\/IMG_4237-768x576.jpg 768w, http:\/\/www.studiothotti.de\/wp-content\/uploads\/2022\/08\/IMG_4237-1536x1152.jpg 1536w, http:\/\/www.studiothotti.de\/wp-content\/uploads\/2022\/08\/IMG_4237-800x600.jpg 800w, http:\/\/www.studiothotti.de\/wp-content\/uploads\/2022\/08\/IMG_4237-200x150.jpg 200w\" sizes=\"auto, (max-width: 2000px) 100vw, 2000px\" \/><\/a><\/figure>\n\n\n\n<figure class=\"wp-block-image size-large\"><a href=\"http:\/\/www.studiothotti.de\/wp-content\/uploads\/2022\/08\/IMG_4262.jpg\"><img loading=\"lazy\" decoding=\"async\" width=\"2000\" height=\"1600\" data-id=\"319\" src=\"http:\/\/www.studiothotti.de\/wp-content\/uploads\/2022\/08\/IMG_4262.jpg\" alt=\"\" class=\"wp-image-319\" srcset=\"http:\/\/www.studiothotti.de\/wp-content\/uploads\/2022\/08\/IMG_4262.jpg 2000w, http:\/\/www.studiothotti.de\/wp-content\/uploads\/2022\/08\/IMG_4262-300x240.jpg 300w, http:\/\/www.studiothotti.de\/wp-content\/uploads\/2022\/08\/IMG_4262-1024x819.jpg 1024w, http:\/\/www.studiothotti.de\/wp-content\/uploads\/2022\/08\/IMG_4262-768x614.jpg 768w, http:\/\/www.studiothotti.de\/wp-content\/uploads\/2022\/08\/IMG_4262-1536x1229.jpg 1536w, http:\/\/www.studiothotti.de\/wp-content\/uploads\/2022\/08\/IMG_4262-200x160.jpg 200w\" sizes=\"auto, (max-width: 2000px) 100vw, 2000px\" \/><\/a><\/figure>\n\n\n\n<figure class=\"wp-block-image size-large\"><a href=\"http:\/\/www.studiothotti.de\/wp-content\/uploads\/2022\/08\/IMG_4307.jpg\"><img loading=\"lazy\" decoding=\"async\" width=\"2000\" height=\"1500\" data-id=\"320\" src=\"http:\/\/www.studiothotti.de\/wp-content\/uploads\/2022\/08\/IMG_4307.jpg\" alt=\"\" class=\"wp-image-320\" srcset=\"http:\/\/www.studiothotti.de\/wp-content\/uploads\/2022\/08\/IMG_4307.jpg 2000w, http:\/\/www.studiothotti.de\/wp-content\/uploads\/2022\/08\/IMG_4307-300x225.jpg 300w, http:\/\/www.studiothotti.de\/wp-content\/uploads\/2022\/08\/IMG_4307-1024x768.jpg 1024w, http:\/\/www.studiothotti.de\/wp-content\/uploads\/2022\/08\/IMG_4307-768x576.jpg 768w, http:\/\/www.studiothotti.de\/wp-content\/uploads\/2022\/08\/IMG_4307-1536x1152.jpg 1536w, http:\/\/www.studiothotti.de\/wp-content\/uploads\/2022\/08\/IMG_4307-800x600.jpg 800w, http:\/\/www.studiothotti.de\/wp-content\/uploads\/2022\/08\/IMG_4307-200x150.jpg 200w\" sizes=\"auto, (max-width: 2000px) 100vw, 2000px\" \/><\/a><\/figure>\n<\/figure>\n","protected":false},"excerpt":{"rendered":"<p>STUBAI-GLETSCHER &#8211; \u00d6STERREICH Die klimatischen Ver\u00e4nderungen machen nicht nur den Gletschern in den Alpen das Leben schwer. Erlebbar ist dies jedoch besonders leicht, wenn man in den Sommermonaten jene Bergregionen aufsucht, die zweckm\u00e4\u00dfig auf die Aus\u00fcbung von Wintersport ausgerichtet sind. Mit dem Namen Top of Tyrol bewirbt der Stubaier Gletscher seine Aussichtsplattform auf 3210 Metern. [&hellip;]<\/p>\n","protected":false},"author":1,"featured_media":0,"parent":0,"menu_order":0,"comment_status":"closed","ping_status":"closed","template":"","meta":{"footnotes":""},"categories":[],"tags":[],"class_list":["post-205","page","type-page","status-publish","hentry"],"_links":{"self":[{"href":"http:\/\/www.studiothotti.de\/index.php?rest_route=\/wp\/v2\/pages\/205","targetHints":{"allow":["GET"]}}],"collection":[{"href":"http:\/\/www.studiothotti.de\/index.php?rest_route=\/wp\/v2\/pages"}],"about":[{"href":"http:\/\/www.studiothotti.de\/index.php?rest_route=\/wp\/v2\/types\/page"}],"author":[{"embeddable":true,"href":"http:\/\/www.studiothotti.de\/index.php?rest_route=\/wp\/v2\/users\/1"}],"replies":[{"embeddable":true,"href":"http:\/\/www.studiothotti.de\/index.php?rest_route=%2Fwp%2Fv2%2Fcomments&post=205"}],"version-history":[{"count":13,"href":"http:\/\/www.studiothotti.de\/index.php?rest_route=\/wp\/v2\/pages\/205\/revisions"}],"predecessor-version":[{"id":461,"href":"http:\/\/www.studiothotti.de\/index.php?rest_route=\/wp\/v2\/pages\/205\/revisions\/461"}],"wp:attachment":[{"href":"http:\/\/www.studiothotti.de\/index.php?rest_route=%2Fwp%2Fv2%2Fmedia&parent=205"}],"wp:term":[{"taxonomy":"category","embeddable":true,"href":"http:\/\/www.studiothotti.de\/index.php?rest_route=%2Fwp%2Fv2%2Fcategories&post=205"},{"taxonomy":"post_tag","embeddable":true,"href":"http:\/\/www.studiothotti.de\/index.php?rest_route=%2Fwp%2Fv2%2Ftags&post=205"}],"curies":[{"name":"wp","href":"https:\/\/api.w.org\/{rel}","templated":true}]}}