{"id":57,"date":"2022-08-09T15:05:17","date_gmt":"2022-08-09T13:05:17","guid":{"rendered":"http:\/\/www.studiothotti.de\/?page_id=57"},"modified":"2022-11-18T15:14:09","modified_gmt":"2022-11-18T14:14:09","slug":"studiothotti","status":"publish","type":"page","link":"http:\/\/www.studiothotti.de\/?page_id=57","title":{"rendered":"STUDIOTHOTTI"},"content":{"rendered":"\n<div class=\"wp-block-buttons is-layout-flex wp-block-buttons-is-layout-flex\"><\/div>\n\n\n\n<p> <\/p>\n\n\n\n<div class=\"wp-block-columns is-layout-flex wp-container-core-columns-is-layout-9d6595d7 wp-block-columns-is-layout-flex\">\n<div class=\"wp-block-column is-layout-flow wp-block-column-is-layout-flow\">\n<figure class=\"wp-block-image size-large\"><img loading=\"lazy\" decoding=\"async\" width=\"1024\" height=\"683\" src=\"http:\/\/www.studiothotti.de\/wp-content\/uploads\/2022\/08\/IMG_7034-Bearbeitet-1024x683.jpg\" alt=\"\" class=\"wp-image-112\" srcset=\"http:\/\/www.studiothotti.de\/wp-content\/uploads\/2022\/08\/IMG_7034-Bearbeitet-1024x683.jpg 1024w, http:\/\/www.studiothotti.de\/wp-content\/uploads\/2022\/08\/IMG_7034-Bearbeitet-300x200.jpg 300w, http:\/\/www.studiothotti.de\/wp-content\/uploads\/2022\/08\/IMG_7034-Bearbeitet-768x512.jpg 768w, http:\/\/www.studiothotti.de\/wp-content\/uploads\/2022\/08\/IMG_7034-Bearbeitet-1536x1024.jpg 1536w, http:\/\/www.studiothotti.de\/wp-content\/uploads\/2022\/08\/IMG_7034-Bearbeitet-2048x1365.jpg 2048w, http:\/\/www.studiothotti.de\/wp-content\/uploads\/2022\/08\/IMG_7034-Bearbeitet-200x133.jpg 200w\" sizes=\"auto, (max-width: 1024px) 100vw, 1024px\" \/><\/figure>\n<\/div>\n\n\n\n<div class=\"wp-block-column is-layout-flow wp-block-column-is-layout-flow\">\n<p>Ich hei\u00dfe Thorsten Witt und habe <strong>STUDIOTHOTTI <\/strong> 2022 gegr\u00fcndet. Der Fokus meiner Arbeit liegt auf der Objekt- und Architekturfotografie sowie der Reportage und Dokumentation. Zudem habe ich die Portr\u00e4tfotografie seit jeher als Herzensthema in meinem Portfolio. <\/p>\n<\/div>\n<\/div>\n\n\n\n<div class=\"wp-block-columns is-layout-flex wp-container-core-columns-is-layout-9d6595d7 wp-block-columns-is-layout-flex\">\n<div class=\"wp-block-column is-layout-flow wp-block-column-is-layout-flow\">\n<p>Ich mag es schlicht und ohne Schn\u00f6rkel. Dadurch wirken meine Motive f\u00fcr sich und werden nicht durch Ablenkungen gest\u00f6rt. Wie eine Aufnahme aussehen und was sie ausstrahlen soll, wird vorher besprochen. <\/p>\n\n\n\n<p>Als Fotograf mit jahrzehntelanger Erfahrung biete ich meine Leistungen je nach Auftrag auf Stundenbasis oder als Festpreis an. <\/p>\n\n\n\n<p><\/p>\n\n\n\n<p>Ich bin erreichbar via <a href=\"http:\/\/www.studiothotti.de\/?page_id=59\" data-type=\"page\" data-id=\"59\">KONTAKT<\/a>, per Mail an <a href=\"mailto:gutebilder@studiothotti.de\">gutebilder@studiothotti.de<\/a> oder \u00fcber WhatsApp und Telefon unter 0151 2600 4946.<\/p>\n<\/div>\n\n\n\n<div class=\"wp-block-column is-layout-flow wp-block-column-is-layout-flow\">\n<figure class=\"wp-block-image size-large\"><img loading=\"lazy\" decoding=\"async\" width=\"1024\" height=\"1024\" src=\"http:\/\/www.studiothotti.de\/wp-content\/uploads\/2022\/08\/IMG_7445-1024x1024.jpg\" alt=\"\" class=\"wp-image-113\" srcset=\"http:\/\/www.studiothotti.de\/wp-content\/uploads\/2022\/08\/IMG_7445-1024x1024.jpg 1024w, http:\/\/www.studiothotti.de\/wp-content\/uploads\/2022\/08\/IMG_7445-300x300.jpg 300w, http:\/\/www.studiothotti.de\/wp-content\/uploads\/2022\/08\/IMG_7445-150x150.jpg 150w, http:\/\/www.studiothotti.de\/wp-content\/uploads\/2022\/08\/IMG_7445-768x768.jpg 768w, http:\/\/www.studiothotti.de\/wp-content\/uploads\/2022\/08\/IMG_7445-1536x1536.jpg 1536w, http:\/\/www.studiothotti.de\/wp-content\/uploads\/2022\/08\/IMG_7445-2048x2048.jpg 2048w, http:\/\/www.studiothotti.de\/wp-content\/uploads\/2022\/08\/IMG_7445-200x200.jpg 200w\" sizes=\"auto, (max-width: 1024px) 100vw, 1024px\" \/><\/figure>\n<\/div>\n<\/div>\n","protected":false},"excerpt":{"rendered":"<p>Ich hei\u00dfe Thorsten Witt und habe STUDIOTHOTTI 2022 gegr\u00fcndet. Der Fokus meiner Arbeit liegt auf der Objekt- und Architekturfotografie sowie der Reportage und Dokumentation. Zudem habe ich die Portr\u00e4tfotografie seit jeher als Herzensthema in meinem Portfolio. Ich mag es schlicht und ohne Schn\u00f6rkel. Dadurch wirken meine Motive f\u00fcr sich und werden nicht durch Ablenkungen gest\u00f6rt. [&hellip;]<\/p>\n","protected":false},"author":1,"featured_media":0,"parent":0,"menu_order":0,"comment_status":"closed","ping_status":"closed","template":"","meta":{"footnotes":""},"categories":[],"tags":[],"class_list":["post-57","page","type-page","status-publish","hentry"],"_links":{"self":[{"href":"http:\/\/www.studiothotti.de\/index.php?rest_route=\/wp\/v2\/pages\/57","targetHints":{"allow":["GET"]}}],"collection":[{"href":"http:\/\/www.studiothotti.de\/index.php?rest_route=\/wp\/v2\/pages"}],"about":[{"href":"http:\/\/www.studiothotti.de\/index.php?rest_route=\/wp\/v2\/types\/page"}],"author":[{"embeddable":true,"href":"http:\/\/www.studiothotti.de\/index.php?rest_route=\/wp\/v2\/users\/1"}],"replies":[{"embeddable":true,"href":"http:\/\/www.studiothotti.de\/index.php?rest_route=%2Fwp%2Fv2%2Fcomments&post=57"}],"version-history":[{"count":20,"href":"http:\/\/www.studiothotti.de\/index.php?rest_route=\/wp\/v2\/pages\/57\/revisions"}],"predecessor-version":[{"id":587,"href":"http:\/\/www.studiothotti.de\/index.php?rest_route=\/wp\/v2\/pages\/57\/revisions\/587"}],"wp:attachment":[{"href":"http:\/\/www.studiothotti.de\/index.php?rest_route=%2Fwp%2Fv2%2Fmedia&parent=57"}],"wp:term":[{"taxonomy":"category","embeddable":true,"href":"http:\/\/www.studiothotti.de\/index.php?rest_route=%2Fwp%2Fv2%2Fcategories&post=57"},{"taxonomy":"post_tag","embeddable":true,"href":"http:\/\/www.studiothotti.de\/index.php?rest_route=%2Fwp%2Fv2%2Ftags&post=57"}],"curies":[{"name":"wp","href":"https:\/\/api.w.org\/{rel}","templated":true}]}}